{"id":1997,"date":"2024-03-28T15:27:26","date_gmt":"2024-03-28T14:27:26","guid":{"rendered":"https:\/\/cncma.de\/?post_type=product&#038;p=1997"},"modified":"2024-05-23T08:53:42","modified_gmt":"2024-05-23T07:53:42","slug":"dji-goggles-integra-schutzkappen-set","status":"publish","type":"product","link":"https:\/\/cncma.de\/index.php\/product\/dji-goggles-integra-schutzkappen-set\/","title":{"rendered":"DJI Goggles Integra Schutzkappen Set"},"content":{"rendered":"<p>Die Schutzkappen sind passend f\u00fcr die DJI Goggles Integra entwickelt und sch\u00fctzen die Brille vor Besch\u00e4digungen durch direkte Sonneneinstrahlung sowie Verschmutzungen und Kratzern.<br \/>\nDie Abdeckungen verf\u00fcgen \u00fcber einen Bajonettverschluss durch den sie nicht einfach abfallen. Das hei\u00dft sie werden mit dem Griff in horizontaler Position aufgesteckt und dann 90\u00b0 gedreht. Zum Abnehmen wird einfach wieder der Griff in die horizontale Position zur\u00fcck gedreht.<\/p>\n<p>Sie passen auch mit eingesetzten Korrekturlinsen.<\/p>\n<p>Die Schutzkappen bestehen aus der Kappe mit Bajonettverschluss und dem Griffst\u00fcck. Beide Teile werden in 6 Farben angeboten, die sich beliebig kombinieren lassen.<\/p>\n<p>Material: TPU<\/p>\n<p>Inhalt: 2 St\u00fcck<\/p>\n<p style=\"text-align: center;\"><div class=\"shortcode-wrapper shortcode-video fitVids clearfix hb-animate-element hb-fade-in\" data-delay=\"300\"><span><iframe loading=\"lazy\" title=\"DJI Integra Lens Cap Installation\" width=\"500\" height=\"281\" src=\"https:\/\/www.youtube.com\/embed\/wUmkeh9lY38?feature=oembed\" frameborder=\"0\" allow=\"accelerometer; autoplay; clipboard-write; encrypted-media; gyroscope; picture-in-picture; web-share\" referrerpolicy=\"strict-origin-when-cross-origin\" allowfullscreen><\/iframe><\/span><\/div>\n","protected":false},"excerpt":{"rendered":"<p>Die Schutzkappen sind passend f\u00fcr die DJI Goggles Integra entwickelt und sch\u00fctzen die Brille vor [&hellip;]<\/p>\n","protected":false},"featured_media":1998,"template":"","meta":[],"product_brand":[],"product_cat":[62,78],"product_tag":[106,108,81,105,109,107,82],"class_list":{"0":"post-1997","1":"product","2":"type-product","3":"status-publish","4":"has-post-thumbnail","6":"product_cat-gedruckt","7":"product_cat-rc-fpv","8":"product_tag-brille","9":"product_tag-dji","10":"product_tag-fpv","11":"product_tag-goggles","12":"product_tag-integra","13":"product_tag-schutz","14":"product_tag-tpu","16":"first","17":"instock","18":"featured","19":"taxable","20":"shipping-taxable","21":"purchasable","22":"product-type-variable","23":"has-default-attributes"},"yoast_head":"<!-- This site is optimized with the Yoast SEO plugin v27.5 - https:\/\/yoast.com\/product\/yoast-seo-wordpress\/ -->\n<title>DJI Goggles Integra Schutzkappen Set - CNCmade<\/title>\n<meta name=\"description\" content=\"Schutzkappen f\u00fcr die DJI Goggles Integra zum Schutz vor Sonneneinstrahlung, Dreck und Kratzern. Die Schutzkappen werden aus TPU 3D-gedruckt.\" \/>\n<meta name=\"robots\" content=\"index, follow, max-snippet:-1, max-image-preview:large, max-video-preview:-1\" \/>\n<link rel=\"canonical\" href=\"https:\/\/cncma.de\/index.php\/product\/dji-goggles-integra-schutzkappen-set\/\" \/>\n<meta property=\"og:locale\" content=\"de_DE\" \/>\n<meta property=\"og:type\" content=\"article\" \/>\n<meta property=\"og:title\" content=\"DJI Goggles Integra Schutzkappen Set - CNCmade\" \/>\n<meta property=\"og:description\" content=\"Schutzkappen f\u00fcr die DJI Goggles Integra zum Schutz vor Sonneneinstrahlung, Dreck und Kratzern. Die Schutzkappen werden aus TPU 3D-gedruckt.\" \/>\n<meta property=\"og:url\" content=\"https:\/\/cncma.de\/index.php\/product\/dji-goggles-integra-schutzkappen-set\/\" \/>\n<meta property=\"og:site_name\" content=\"CNCmade\" \/>\n<meta property=\"article:modified_time\" content=\"2024-05-23T07:53:42+00:00\" \/>\n<meta property=\"og:image\" content=\"https:\/\/cncma.de\/wp-content\/uploads\/2024\/03\/Thumb_Etsy.jpg\" \/>\n\t<meta property=\"og:image:width\" content=\"1600\" \/>\n\t<meta property=\"og:image:height\" content=\"1600\" \/>\n\t<meta property=\"og:image:type\" content=\"image\/jpeg\" \/>\n<meta name=\"twitter:card\" content=\"summary_large_image\" \/>\n<meta name=\"twitter:label1\" content=\"Gesch\u00e4tzte Lesezeit\" \/>\n\t<meta name=\"twitter:data1\" content=\"1\u00a0Minute\" \/>\n<script type=\"application\/ld+json\" class=\"yoast-schema-graph\">{\"@context\":\"https:\\\/\\\/schema.org\",\"@graph\":[{\"@type\":\"WebPage\",\"@id\":\"https:\\\/\\\/cncma.de\\\/index.php\\\/product\\\/dji-goggles-integra-schutzkappen-set\\\/\",\"url\":\"https:\\\/\\\/cncma.de\\\/index.php\\\/product\\\/dji-goggles-integra-schutzkappen-set\\\/\",\"name\":\"DJI Goggles Integra Schutzkappen Set - CNCmade\",\"isPartOf\":{\"@id\":\"https:\\\/\\\/cncma.de\\\/#website\"},\"primaryImageOfPage\":{\"@id\":\"https:\\\/\\\/cncma.de\\\/index.php\\\/product\\\/dji-goggles-integra-schutzkappen-set\\\/#primaryimage\"},\"image\":{\"@id\":\"https:\\\/\\\/cncma.de\\\/index.php\\\/product\\\/dji-goggles-integra-schutzkappen-set\\\/#primaryimage\"},\"thumbnailUrl\":\"https:\\\/\\\/cncma.de\\\/wp-content\\\/uploads\\\/2024\\\/03\\\/Thumb_Etsy.jpg\",\"datePublished\":\"2024-03-28T14:27:26+00:00\",\"dateModified\":\"2024-05-23T07:53:42+00:00\",\"description\":\"Schutzkappen f\u00fcr die DJI Goggles Integra zum Schutz vor Sonneneinstrahlung, Dreck und Kratzern. Die Schutzkappen werden aus TPU 3D-gedruckt.\",\"breadcrumb\":{\"@id\":\"https:\\\/\\\/cncma.de\\\/index.php\\\/product\\\/dji-goggles-integra-schutzkappen-set\\\/#breadcrumb\"},\"inLanguage\":\"de\",\"potentialAction\":[{\"@type\":\"ReadAction\",\"target\":[\"https:\\\/\\\/cncma.de\\\/index.php\\\/product\\\/dji-goggles-integra-schutzkappen-set\\\/\"]}]},{\"@type\":\"ImageObject\",\"inLanguage\":\"de\",\"@id\":\"https:\\\/\\\/cncma.de\\\/index.php\\\/product\\\/dji-goggles-integra-schutzkappen-set\\\/#primaryimage\",\"url\":\"https:\\\/\\\/cncma.de\\\/wp-content\\\/uploads\\\/2024\\\/03\\\/Thumb_Etsy.jpg\",\"contentUrl\":\"https:\\\/\\\/cncma.de\\\/wp-content\\\/uploads\\\/2024\\\/03\\\/Thumb_Etsy.jpg\",\"width\":1600,\"height\":1600},{\"@type\":\"BreadcrumbList\",\"@id\":\"https:\\\/\\\/cncma.de\\\/index.php\\\/product\\\/dji-goggles-integra-schutzkappen-set\\\/#breadcrumb\",\"itemListElement\":[{\"@type\":\"ListItem\",\"position\":1,\"name\":\"Startseite\",\"item\":\"https:\\\/\\\/cncma.de\\\/\"},{\"@type\":\"ListItem\",\"position\":2,\"name\":\"Shop\",\"item\":\"https:\\\/\\\/cncma.de\\\/index.php\\\/shop\\\/\"},{\"@type\":\"ListItem\",\"position\":3,\"name\":\"DJI Goggles Integra Schutzkappen Set\"}]},{\"@type\":\"WebSite\",\"@id\":\"https:\\\/\\\/cncma.de\\\/#website\",\"url\":\"https:\\\/\\\/cncma.de\\\/\",\"name\":\"CNCmade\",\"description\":\"Gedruckt, Gefr\u00e4st, Gel\u00f6tet\",\"publisher\":{\"@id\":\"https:\\\/\\\/cncma.de\\\/#organization\"},\"potentialAction\":[{\"@type\":\"SearchAction\",\"target\":{\"@type\":\"EntryPoint\",\"urlTemplate\":\"https:\\\/\\\/cncma.de\\\/?s={search_term_string}\"},\"query-input\":{\"@type\":\"PropertyValueSpecification\",\"valueRequired\":true,\"valueName\":\"search_term_string\"}}],\"inLanguage\":\"de\"},{\"@type\":\"Organization\",\"@id\":\"https:\\\/\\\/cncma.de\\\/#organization\",\"name\":\"CNCmade\",\"url\":\"https:\\\/\\\/cncma.de\\\/\",\"logo\":{\"@type\":\"ImageObject\",\"inLanguage\":\"de\",\"@id\":\"https:\\\/\\\/cncma.de\\\/#\\\/schema\\\/logo\\\/image\\\/\",\"url\":\"https:\\\/\\\/cncma.de\\\/wp-content\\\/uploads\\\/2024\\\/02\\\/Logo_Simple_wide_350.png\",\"contentUrl\":\"https:\\\/\\\/cncma.de\\\/wp-content\\\/uploads\\\/2024\\\/02\\\/Logo_Simple_wide_350.png\",\"width\":350,\"height\":83,\"caption\":\"CNCmade\"},\"image\":{\"@id\":\"https:\\\/\\\/cncma.de\\\/#\\\/schema\\\/logo\\\/image\\\/\"},\"sameAs\":[\"http:\\\/\\\/instagram.com\\\/cncma.de\\\/\",\"https:\\\/\\\/www.youtube.com\\\/@cncmade\"]}]}<\/script>\n<!-- \/ Yoast SEO plugin. -->","yoast_head_json":{"title":"DJI Goggles Integra Schutzkappen Set - CNCmade","description":"Schutzkappen f\u00fcr die DJI Goggles Integra zum Schutz vor Sonneneinstrahlung, Dreck und Kratzern. Die Schutzkappen werden aus TPU 3D-gedruckt.","robots":{"index":"index","follow":"follow","max-snippet":"max-snippet:-1","max-image-preview":"max-image-preview:large","max-video-preview":"max-video-preview:-1"},"canonical":"https:\/\/cncma.de\/index.php\/product\/dji-goggles-integra-schutzkappen-set\/","og_locale":"de_DE","og_type":"article","og_title":"DJI Goggles Integra Schutzkappen Set - CNCmade","og_description":"Schutzkappen f\u00fcr die DJI Goggles Integra zum Schutz vor Sonneneinstrahlung, Dreck und Kratzern. Die Schutzkappen werden aus TPU 3D-gedruckt.","og_url":"https:\/\/cncma.de\/index.php\/product\/dji-goggles-integra-schutzkappen-set\/","og_site_name":"CNCmade","article_modified_time":"2024-05-23T07:53:42+00:00","og_image":[{"width":1600,"height":1600,"url":"https:\/\/cncma.de\/wp-content\/uploads\/2024\/03\/Thumb_Etsy.jpg","type":"image\/jpeg"}],"twitter_card":"summary_large_image","twitter_misc":{"Gesch\u00e4tzte Lesezeit":"1\u00a0Minute"},"schema":{"@context":"https:\/\/schema.org","@graph":[{"@type":"WebPage","@id":"https:\/\/cncma.de\/index.php\/product\/dji-goggles-integra-schutzkappen-set\/","url":"https:\/\/cncma.de\/index.php\/product\/dji-goggles-integra-schutzkappen-set\/","name":"DJI Goggles Integra Schutzkappen Set - CNCmade","isPartOf":{"@id":"https:\/\/cncma.de\/#website"},"primaryImageOfPage":{"@id":"https:\/\/cncma.de\/index.php\/product\/dji-goggles-integra-schutzkappen-set\/#primaryimage"},"image":{"@id":"https:\/\/cncma.de\/index.php\/product\/dji-goggles-integra-schutzkappen-set\/#primaryimage"},"thumbnailUrl":"https:\/\/cncma.de\/wp-content\/uploads\/2024\/03\/Thumb_Etsy.jpg","datePublished":"2024-03-28T14:27:26+00:00","dateModified":"2024-05-23T07:53:42+00:00","description":"Schutzkappen f\u00fcr die DJI Goggles Integra zum Schutz vor Sonneneinstrahlung, Dreck und Kratzern. Die Schutzkappen werden aus TPU 3D-gedruckt.","breadcrumb":{"@id":"https:\/\/cncma.de\/index.php\/product\/dji-goggles-integra-schutzkappen-set\/#breadcrumb"},"inLanguage":"de","potentialAction":[{"@type":"ReadAction","target":["https:\/\/cncma.de\/index.php\/product\/dji-goggles-integra-schutzkappen-set\/"]}]},{"@type":"ImageObject","inLanguage":"de","@id":"https:\/\/cncma.de\/index.php\/product\/dji-goggles-integra-schutzkappen-set\/#primaryimage","url":"https:\/\/cncma.de\/wp-content\/uploads\/2024\/03\/Thumb_Etsy.jpg","contentUrl":"https:\/\/cncma.de\/wp-content\/uploads\/2024\/03\/Thumb_Etsy.jpg","width":1600,"height":1600},{"@type":"BreadcrumbList","@id":"https:\/\/cncma.de\/index.php\/product\/dji-goggles-integra-schutzkappen-set\/#breadcrumb","itemListElement":[{"@type":"ListItem","position":1,"name":"Startseite","item":"https:\/\/cncma.de\/"},{"@type":"ListItem","position":2,"name":"Shop","item":"https:\/\/cncma.de\/index.php\/shop\/"},{"@type":"ListItem","position":3,"name":"DJI Goggles Integra Schutzkappen Set"}]},{"@type":"WebSite","@id":"https:\/\/cncma.de\/#website","url":"https:\/\/cncma.de\/","name":"CNCmade","description":"Gedruckt, Gefr\u00e4st, Gel\u00f6tet","publisher":{"@id":"https:\/\/cncma.de\/#organization"},"potentialAction":[{"@type":"SearchAction","target":{"@type":"EntryPoint","urlTemplate":"https:\/\/cncma.de\/?s={search_term_string}"},"query-input":{"@type":"PropertyValueSpecification","valueRequired":true,"valueName":"search_term_string"}}],"inLanguage":"de"},{"@type":"Organization","@id":"https:\/\/cncma.de\/#organization","name":"CNCmade","url":"https:\/\/cncma.de\/","logo":{"@type":"ImageObject","inLanguage":"de","@id":"https:\/\/cncma.de\/#\/schema\/logo\/image\/","url":"https:\/\/cncma.de\/wp-content\/uploads\/2024\/02\/Logo_Simple_wide_350.png","contentUrl":"https:\/\/cncma.de\/wp-content\/uploads\/2024\/02\/Logo_Simple_wide_350.png","width":350,"height":83,"caption":"CNCmade"},"image":{"@id":"https:\/\/cncma.de\/#\/schema\/logo\/image\/"},"sameAs":["http:\/\/instagram.com\/cncma.de\/","https:\/\/www.youtube.com\/@cncmade"]}]}},"_links":{"self":[{"href":"https:\/\/cncma.de\/index.php\/wp-json\/wp\/v2\/product\/1997","targetHints":{"allow":["GET"]}}],"collection":[{"href":"https:\/\/cncma.de\/index.php\/wp-json\/wp\/v2\/product"}],"about":[{"href":"https:\/\/cncma.de\/index.php\/wp-json\/wp\/v2\/types\/product"}],"wp:featuredmedia":[{"embeddable":true,"href":"https:\/\/cncma.de\/index.php\/wp-json\/wp\/v2\/media\/1998"}],"wp:attachment":[{"href":"https:\/\/cncma.de\/index.php\/wp-json\/wp\/v2\/media?parent=1997"}],"wp:term":[{"taxonomy":"product_brand","embeddable":true,"href":"https:\/\/cncma.de\/index.php\/wp-json\/wp\/v2\/product_brand?post=1997"},{"taxonomy":"product_cat","embeddable":true,"href":"https:\/\/cncma.de\/index.php\/wp-json\/wp\/v2\/product_cat?post=1997"},{"taxonomy":"product_tag","embeddable":true,"href":"https:\/\/cncma.de\/index.php\/wp-json\/wp\/v2\/product_tag?post=1997"}],"curies":[{"name":"wp","href":"https:\/\/api.w.org\/{rel}","templated":true}]}}