{"id":1649,"date":"2024-02-06T18:19:24","date_gmt":"2024-02-06T18:19:24","guid":{"rendered":"https:\/\/cncma.de\/index.php\/widerrufsbelehrung\/"},"modified":"2026-04-05T22:50:26","modified_gmt":"2026-04-05T21:50:26","slug":"widerrufsbelehrung","status":"publish","type":"page","link":"https:\/\/cncma.de\/index.php\/widerrufsbelehrung\/","title":{"rendered":"Widerrufsbelehrung"},"content":{"rendered":"<style>\/*! elementor - v3.19.0 - 07-02-2024 *\/<br \/>\n.elementor-heading-title{padding:0;margin:0;line-height:1}.elementor-widget-heading .elementor-heading-title[class*=elementor-size-]>a{color:inherit;font-size:inherit;line-height:inherit}.elementor-widget-heading .elementor-heading-title.elementor-size-small{font-size:15px}.elementor-widget-heading .elementor-heading-title.elementor-size-medium{font-size:19px}.elementor-widget-heading .elementor-heading-title.elementor-size-large{font-size:29px}.elementor-widget-heading .elementor-heading-title.elementor-size-xl{font-size:39px}.elementor-widget-heading .elementor-heading-title.elementor-size-xxl{font-size:59px}<\/style>\n<h2>Allgemeine Gesch\u00e4ftsbedingungen<\/h2>\n<section data-id=\"b934b62\" data-element_type=\"section\">\n<h4><strong>\u00a71 Geltungsbereich, Kundeninformation<\/strong><\/h4>\n<p>Die folgenden allgemeinen Gesch\u00e4ftsbedingungen regeln das Vertragsverh\u00e4ltnis zwischen uns (cncma.de \u2013 Shop, Thomas Kramm, Pfalzstra\u00dfe 22, 68259 Mannheim, Deutschland) und den Verbrauchern, die \u00fcber unseren Shop Waren kaufen. Entgegenstehende oder von unseren Gesch\u00e4ftsbedingungen abweichende Bedingungen werden von uns nicht anerkannt. Die Vertragssprache ist Deutsch.<\/p>\n<p>Verbraucher ist jede nat\u00fcrliche Person, die ein Rechtsgesch\u00e4ft zu Zwecken abschlie\u00dft, die \u00fcberwiegend weder ihrer gewerblichen noch ihrer selbst\u00e4ndigen beruflichen T\u00e4tigkeit zugerechnet werden k\u00f6nnen (\u00a7 13 BGB).<\/p>\n<\/section>\n<section data-id=\"288e999\" data-element_type=\"section\">\n<h4><strong>\u00a72 Zustandekommen eines Vertrages, Speicherung des Vertragstextes<\/strong><\/h4>\n<p>(1) Die folgenden Regelungen \u00fcber den Vertragsabschluss gelten f\u00fcr Bestellungen \u00fcber unseren Online-Shop https:\/\/cncma.de.<\/p>\n<p>(2) Im Falle des Vertragsschlusses kommt der Vertrag mit<\/p>\n<p>CNCmade<br \/>\n<strong>Thomas Kramm<\/strong><br \/>\n<strong>Pfalzstra\u00dfe 22<\/strong><br \/>\n<strong>68259 Mannheim<\/strong><br \/>\n<strong>Deutschland<\/strong><br \/>\n<strong><br \/>\n<\/strong>zustande.<strong><br \/>\n<\/strong><\/p>\n<p>(3) Die Pr\u00e4sentation der Waren in unserem Online-Shop stellen kein rechtlich bindendes Vertragsangebot unsererseits dar, sondern sind nur eine unverbindliche Aufforderungen an den Verbraucher, Waren zu bestellen. Mit der Bestellung der gew\u00fcnschten Ware gibt der Verbraucher ein f\u00fcr ihn verbindliches Angebot auf Abschluss eines Kaufvertrages ab.<\/p>\n<p>(4) Bei Eingang einer Bestellung in unserem Online-Shop gelten folgende Regelungen: Der Verbraucher gibt ein bindendes Vertragsangebot ab, indem er die in unserem Online-Shop vorgesehene Bestellprozedur erfolgreich durchl\u00e4uft.<\/p>\n<p>Die Bestellung erfolgt in folgenden Schritten:<\/p>\n<p>1) Auswahl und Konfiguration der gew\u00fcnschten Ware<br \/>\n2) Best\u00e4tigung durch Anklicken der Buttons \u201eIn den Warenkorb\u201c<br \/>\n3) Pr\u00fcfung der Artikel und Angaben im Warenkorb<br \/>\n4) Bet\u00e4tigung des Buttons \u201eWeiter zur Kasse\u201c oder direkt \u201cBezahlen per PayPal\u201d<br \/>\n5) Als Gast bestellen oder Anmeldung im Online-Shop nach Registrierung und Eingabe der notwenigen Anmeldedaten (E-Mail-Adresse und Passwort).<br \/>\n6) Nochmalige Pr\u00fcfung bzw. Berichtigung der jeweiligen eingegebenen Daten.<br \/>\n7) Verbindliche Absendung der Bestellung durch Anklicken des Buttons \u201eJetzt kaufen\u201c<\/p>\n<p>Der Verbraucher kann vor dem verbindlichen Absenden der Bestellung durch Bet\u00e4tigen der in dem von ihm verwendeten Internet-Browser enthaltenen \u201eZur\u00fcck\u201c-Taste nach Kontrolle seiner Angaben wieder zu der Internetseite gelangen, auf der die Angaben des Kunden erfasst werden und Eingabefehler berichtigen bzw. durch Schlie\u00dfen des Internetbrowsers den Bestellvorgang abbrechen. Wir best\u00e4tigen den Eingang der Bestellung unmittelbar durch eine automatisch generierte E-Mail (\u201eAuftragsbest\u00e4tigung\u201c). Mit dieser nehmen wir Ihr Angebot an.<\/p>\n<p>(5) Speicherung des Vertragstextes bei Bestellungen \u00fcber unseren Internetshop : Wir speichern den Vertragstext und senden Ihnen die Bestelldaten und unsere AGB per E-Mail zu. Die AGB k\u00f6nnen Sie jederzeit auch unter https:\/\/cncma.de\/index.php\/agb einsehen. Ihre vergangenen Bestellungen der letzten Monate k\u00f6nnen Sie in unserem Kunden-Bereich unter Mein Konto -&gt; Bestellungen einsehen.<\/p>\n<\/section>\n<section data-id=\"28ea5de\" data-element_type=\"section\">\n<h4><strong>\u00a73 Preise, Versandkosten, Zahlung, F\u00e4lligkeit<\/strong><\/h4>\n<p>(1) Die angegebenen Preise enthalten die gesetzliche Mehrwertsteuer i.H.v 19%. Hinzu kommen Versandkosten.<\/p>\n<p>(2) Der Verbraucher hat die M\u00f6glichkeit der Zahlung per Vorkasse (per Bank\u00fcberweisung) oder via PayPal. Eine Barzahlung ist ausgeschlossen.<\/p>\n<p>(3) Hat der Verbraucher die Zahlung per Vorkasse gew\u00e4hlt, so verpflichtet er sich, den Kaufpreis unverz\u00fcglich nach Vertragsschluss auf unser Bankkonto zu zahlen.<\/p>\n<\/section>\n<section data-id=\"f25b43e\" data-element_type=\"section\">\n<h4><strong>\u00a74 Lieferung<\/strong><\/h4>\n<p>(1) Da unsere Produkte in der Regel nach Wunsch und Konfiguration des Kunden angefertigt werden, beginnt die Produktion erst unmittelbar nach Bestellung. Die Lieferung erfolgt hier sp\u00e4testens innerhalb von 7 Werktagen. Dabei beginnt die Frist f\u00fcr die Lieferung im Falle der Zahlung per Vorkasse am Tag nach Zahlungsauftrag an die mit der \u00dcberweisung beauftragte Bank und bei allen anderen Zahlungsarten am Tag nach Vertragsschluss zu laufen. F\u00e4llt das Fristende auf einen Samstag, Sonntag oder gesetzlichen Feiertag am Lieferort, so endet die Frist am n\u00e4chsten Werktag.<\/p>\n<p>(2) Die Gefahr des zuf\u00e4lligen Untergangs und der zuf\u00e4lligen Verschlechterung der verkauften Sache geht auch beim Versendungskauf erst mit der \u00dcbergabe der Sache an den K\u00e4ufer auf diesen \u00fcber.<\/p>\n<\/section>\n<section data-id=\"17bae8c\" data-element_type=\"section\">\n<h4><strong>\u00a75 Eigentumsvorbehalt<\/strong><\/h4>\n<p>Wir behalten uns das Eigentum an der Ware bis zur vollst\u00e4ndigen Bezahlung des Kaufpreises vor.<\/p>\n<\/section>\n<section data-id=\"696d25d\" data-element_type=\"section\">\n<h4><strong>\u00a76 Widerrufsrecht des Kunden als Verbraucher<\/strong><\/h4>\n<p>Verbrauchern steht ein Widerrufsrecht nach folgender Ma\u00dfgabe zu, wobei Verbraucher jede nat\u00fcrliche Person ist, die ein Rechtsgesch\u00e4ft zu Zwecken abschlie\u00dft, die \u00fcberwiegend weder ihrer gewerblichen noch ihrer selbst\u00e4ndigen beruflichen T\u00e4tigkeit zugerechnet werden k\u00f6nnen<\/p>\n<h5><strong>Widerrufsbelehrung<\/strong><\/h5>\n<p>Sie haben das Recht, binnen vierzehn Tagen ohne Angabe von Gr\u00fcnden diesen Vertrag zu widerrufen. Die Widerrufsfrist betr\u00e4gt vierzehn Tage, ab dem Tag, an dem Sie oder ein von Ihnen benannter Dritter, der nicht der Bef\u00f6rderer ist, die Waren in Besitz genommen haben bzw. hat. Ihr Widerrufsrecht auszu\u00fcben, m\u00fcssen Sie uns<br \/>\nCNCmade<br \/>\nThomas Kramm<br \/>\nPfalzstra\u00dfe 22<br \/>\n68259 Mannheim<br \/>\nE-Mail info@cncma.de<\/p>\n<p>mittels einer eindeutigen Erkl\u00e4rung (z.B. ein mit der Post versandter Brief oder E-Mail) \u00fcber Ihren Entschluss, diesen Vertrag zu widerrufen, informieren. Sie k\u00f6nnen daf\u00fcr das beigef\u00fcgte Muster-Widerrufsformular verwenden, das jedoch nicht vorgeschrieben ist.<\/p>\n<h5><strong>Widerrufsfolgen<\/strong><\/h5>\n<p>Wenn Sie diesen Vertrag widerrufen, haben wir Ihnen alle Zahlungen, die wir von Ihnen erhalten haben, einschlie\u00dflich der Lieferkosten (mit Ausnahme der zus\u00e4tzlichen Kosten, die sich daraus ergeben, dass Sie eine andere Art der Lieferung als die von uns angebotene, g\u00fcnstigste Standardlieferung gew\u00e4hlt haben), unverz\u00fcglich und sp\u00e4testens binnen vierzehn Tagen ab dem Tag zur\u00fcckzuzahlen, an dem die Mitteilung \u00fcber Ihren Widerruf dieses Vertrags bei uns eingegangen ist. F\u00fcr diese R\u00fcckzahlung verwenden wir dasselbe Zahlungsmittel, das Sie bei der urspr\u00fcnglichen Transaktion eingesetzt haben, es sei denn, mit Ihnen wurde ausdr\u00fccklich etwas anderes vereinbart; in keinem Fall werden Ihnen wegen dieser R\u00fcckzahlung Entgelte berechnet.<\/p>\n<p>Wir k\u00f6nnen die R\u00fcckzahlung verweigern, bis wir die Waren wieder zur\u00fcckerhalten haben oder bis Sie den Nachweis erbracht haben, dass Sie die Waren zur\u00fcckgesandt haben, je nachdem, welches der fr\u00fchere Zeitpunkt ist.<\/p>\n<p>Sie haben die Waren unverz\u00fcglich und in jedem Fall sp\u00e4testens binnen vierzehn Tagen ab dem Tag, an dem Sie uns \u00fcber den Widerruf dieses Vertrages unterrichten, an uns zur\u00fcckzusenden oder zu \u00fcbergeben. Die Frist ist gewahrt, wenn Sie die Waren vor Ablauf der Frist von vierzehn Tagen absenden.<\/p>\n<p>Sie tragen die unmittelbaren Kosten der R\u00fccksendung der Waren.<\/p>\n<p>Ende der Widerrufsbelehrung<\/p>\n<\/section>\n<section data-id=\"53ea927\" data-element_type=\"section\">\n<h4><strong>\u00a77 Widerrufsformular<\/strong><\/h4>\n<p>Muster-Widerrufsformular (Wenn Sie den Vertrag widerrufen wollen, dann f\u00fcllen Sie bitte dieses Formular aus und senden Sie es zur\u00fcck.)<\/p>\n<p>An :<br \/>\nCNCmade-Shop<br \/>\nThomas Kramm<br \/>\nPfalzstra\u00dfe 22<br \/>\n68259 Mannheim<br \/>\nDeutschland<br \/>\nE-Mail info@cncma.de<\/p>\n<\/section>\n<section data-id=\"c02885e\" data-element_type=\"section\">\n<h5><strong>Muster-Widerrufsformular<\/strong><\/h5>\n<p>(Wenn Sie den Vertrag widerrufen wollen, dann f\u00fcllen Sie bitte dieses Formular aus und senden Sie es zur\u00fcck.)<\/p>\n<p>An:<br \/>\nCNCmade<br \/>\nThomas Kramm<br \/>\nPfalzstra\u00dfe 22<br \/>\n68259 Mannheim<br \/>\nE-Mail info@cncma.de<\/p>\n<p>Hiermit widerrufe(n) ich\/wir (*) den von mir\/uns (*) abgeschlossenen Vertrag \u00fcber den Kauf der folgenden Waren (*)\/die Erbringung der folgenden Dienstleistung (*)_____________________________________________________<\/p>\n<p>(*)\/erhalten am (*)_________________<br \/>\nName des\/der Verbraucher(s)<br \/>\n_____________________________________________________<br \/>\nAnschrift des\/der Verbraucher(s)_____________________________________________________<br \/>\nUnterschrift des\/der Verbraucher(s) (nur bei Mitteilung auf Papier)____________________________________<br \/>\n<em>(*) Unzutreffendes streichen.<\/em><\/p>\n<\/section>\n<section data-id=\"e064d61\" data-element_type=\"section\">\n<h4><strong>\u00a78 Gew\u00e4hrleistung<\/strong><\/h4>\n<p>Es gelten die in Deutschland gesetzlichen Gew\u00e4hrleistungsregelungen.<\/p>\n<\/section>\n<section data-id=\"35244d2\" data-element_type=\"section\">\n<h5><strong>Alternative Streitbeilegung gem. Art. 14 Abs. 1 ODR-VO und \u00a7 36 VSBG:<\/strong><\/h5>\n<p>ie EU Kommission stellt eine Plattform zur Online Streitbeilegung (OS) bereit, die unter https:\/\/ec.europa.eu\/consumers\/odr zu finden ist. Zur Teilnahme an einem Streitbeilegungsverfahren vor einer Verbraucherzentrale sind wir nicht verpflichtet und nicht bereit.<\/p>\n<\/section>\n","protected":false},"excerpt":{"rendered":"<p>Allgemeine Gesch\u00e4ftsbedingungen \u00a71 Geltungsbereich, Kundeninformation Die folgenden allgemeinen Gesch\u00e4ftsbedingungen regeln das Vertragsverh\u00e4ltnis zwischen uns (cncma.de [&hellip;]<\/p>\n","protected":false},"author":1,"featured_media":0,"parent":0,"menu_order":0,"comment_status":"closed","ping_status":"open","template":"","meta":{"footnotes":""},"class_list":["post-1649","page","type-page","status-publish","hentry"],"yoast_head":"<!-- This site is optimized with the Yoast SEO plugin v27.5 - https:\/\/yoast.com\/product\/yoast-seo-wordpress\/ -->\n<title>Widerrufsbelehrung - CNCmade<\/title>\n<meta name=\"robots\" content=\"index, follow, max-snippet:-1, max-image-preview:large, max-video-preview:-1\" \/>\n<link rel=\"canonical\" href=\"https:\/\/cncma.de\/index.php\/widerrufsbelehrung\/\" \/>\n<meta property=\"og:locale\" content=\"de_DE\" \/>\n<meta property=\"og:type\" content=\"article\" \/>\n<meta property=\"og:title\" content=\"Widerrufsbelehrung - CNCmade\" \/>\n<meta property=\"og:description\" content=\"Allgemeine Gesch\u00e4ftsbedingungen \u00a71 Geltungsbereich, Kundeninformation Die folgenden allgemeinen Gesch\u00e4ftsbedingungen regeln das Vertragsverh\u00e4ltnis zwischen uns (cncma.de [&hellip;]\" \/>\n<meta property=\"og:url\" content=\"https:\/\/cncma.de\/index.php\/widerrufsbelehrung\/\" \/>\n<meta property=\"og:site_name\" content=\"CNCmade\" \/>\n<meta property=\"article:modified_time\" content=\"2026-04-05T21:50:26+00:00\" \/>\n<meta name=\"twitter:card\" content=\"summary_large_image\" \/>\n<meta name=\"twitter:label1\" content=\"Gesch\u00e4tzte Lesezeit\" \/>\n\t<meta name=\"twitter:data1\" content=\"6\u00a0Minuten\" \/>\n<script type=\"application\/ld+json\" class=\"yoast-schema-graph\">{\"@context\":\"https:\\\/\\\/schema.org\",\"@graph\":[{\"@type\":\"WebPage\",\"@id\":\"https:\\\/\\\/cncma.de\\\/index.php\\\/widerrufsbelehrung\\\/\",\"url\":\"https:\\\/\\\/cncma.de\\\/index.php\\\/widerrufsbelehrung\\\/\",\"name\":\"Widerrufsbelehrung - CNCmade\",\"isPartOf\":{\"@id\":\"https:\\\/\\\/cncma.de\\\/#website\"},\"datePublished\":\"2024-02-06T18:19:24+00:00\",\"dateModified\":\"2026-04-05T21:50:26+00:00\",\"breadcrumb\":{\"@id\":\"https:\\\/\\\/cncma.de\\\/index.php\\\/widerrufsbelehrung\\\/#breadcrumb\"},\"inLanguage\":\"de\",\"potentialAction\":[{\"@type\":\"ReadAction\",\"target\":[\"https:\\\/\\\/cncma.de\\\/index.php\\\/widerrufsbelehrung\\\/\"]}]},{\"@type\":\"BreadcrumbList\",\"@id\":\"https:\\\/\\\/cncma.de\\\/index.php\\\/widerrufsbelehrung\\\/#breadcrumb\",\"itemListElement\":[{\"@type\":\"ListItem\",\"position\":1,\"name\":\"Startseite\",\"item\":\"https:\\\/\\\/cncma.de\\\/\"},{\"@type\":\"ListItem\",\"position\":2,\"name\":\"Widerrufsbelehrung\"}]},{\"@type\":\"WebSite\",\"@id\":\"https:\\\/\\\/cncma.de\\\/#website\",\"url\":\"https:\\\/\\\/cncma.de\\\/\",\"name\":\"CNCmade\",\"description\":\"Gedruckt, Gefr\u00e4st, Gel\u00f6tet\",\"publisher\":{\"@id\":\"https:\\\/\\\/cncma.de\\\/#organization\"},\"potentialAction\":[{\"@type\":\"SearchAction\",\"target\":{\"@type\":\"EntryPoint\",\"urlTemplate\":\"https:\\\/\\\/cncma.de\\\/?s={search_term_string}\"},\"query-input\":{\"@type\":\"PropertyValueSpecification\",\"valueRequired\":true,\"valueName\":\"search_term_string\"}}],\"inLanguage\":\"de\"},{\"@type\":\"Organization\",\"@id\":\"https:\\\/\\\/cncma.de\\\/#organization\",\"name\":\"CNCmade\",\"url\":\"https:\\\/\\\/cncma.de\\\/\",\"logo\":{\"@type\":\"ImageObject\",\"inLanguage\":\"de\",\"@id\":\"https:\\\/\\\/cncma.de\\\/#\\\/schema\\\/logo\\\/image\\\/\",\"url\":\"https:\\\/\\\/cncma.de\\\/wp-content\\\/uploads\\\/2024\\\/02\\\/Logo_Simple_wide_350.png\",\"contentUrl\":\"https:\\\/\\\/cncma.de\\\/wp-content\\\/uploads\\\/2024\\\/02\\\/Logo_Simple_wide_350.png\",\"width\":350,\"height\":83,\"caption\":\"CNCmade\"},\"image\":{\"@id\":\"https:\\\/\\\/cncma.de\\\/#\\\/schema\\\/logo\\\/image\\\/\"},\"sameAs\":[\"http:\\\/\\\/instagram.com\\\/cncma.de\\\/\",\"https:\\\/\\\/www.youtube.com\\\/@cncmade\"]}]}<\/script>\n<!-- \/ Yoast SEO plugin. -->","yoast_head_json":{"title":"Widerrufsbelehrung - CNCmade","robots":{"index":"index","follow":"follow","max-snippet":"max-snippet:-1","max-image-preview":"max-image-preview:large","max-video-preview":"max-video-preview:-1"},"canonical":"https:\/\/cncma.de\/index.php\/widerrufsbelehrung\/","og_locale":"de_DE","og_type":"article","og_title":"Widerrufsbelehrung - CNCmade","og_description":"Allgemeine Gesch\u00e4ftsbedingungen \u00a71 Geltungsbereich, Kundeninformation Die folgenden allgemeinen Gesch\u00e4ftsbedingungen regeln das Vertragsverh\u00e4ltnis zwischen uns (cncma.de [&hellip;]","og_url":"https:\/\/cncma.de\/index.php\/widerrufsbelehrung\/","og_site_name":"CNCmade","article_modified_time":"2026-04-05T21:50:26+00:00","twitter_card":"summary_large_image","twitter_misc":{"Gesch\u00e4tzte Lesezeit":"6\u00a0Minuten"},"schema":{"@context":"https:\/\/schema.org","@graph":[{"@type":"WebPage","@id":"https:\/\/cncma.de\/index.php\/widerrufsbelehrung\/","url":"https:\/\/cncma.de\/index.php\/widerrufsbelehrung\/","name":"Widerrufsbelehrung - CNCmade","isPartOf":{"@id":"https:\/\/cncma.de\/#website"},"datePublished":"2024-02-06T18:19:24+00:00","dateModified":"2026-04-05T21:50:26+00:00","breadcrumb":{"@id":"https:\/\/cncma.de\/index.php\/widerrufsbelehrung\/#breadcrumb"},"inLanguage":"de","potentialAction":[{"@type":"ReadAction","target":["https:\/\/cncma.de\/index.php\/widerrufsbelehrung\/"]}]},{"@type":"BreadcrumbList","@id":"https:\/\/cncma.de\/index.php\/widerrufsbelehrung\/#breadcrumb","itemListElement":[{"@type":"ListItem","position":1,"name":"Startseite","item":"https:\/\/cncma.de\/"},{"@type":"ListItem","position":2,"name":"Widerrufsbelehrung"}]},{"@type":"WebSite","@id":"https:\/\/cncma.de\/#website","url":"https:\/\/cncma.de\/","name":"CNCmade","description":"Gedruckt, Gefr\u00e4st, Gel\u00f6tet","publisher":{"@id":"https:\/\/cncma.de\/#organization"},"potentialAction":[{"@type":"SearchAction","target":{"@type":"EntryPoint","urlTemplate":"https:\/\/cncma.de\/?s={search_term_string}"},"query-input":{"@type":"PropertyValueSpecification","valueRequired":true,"valueName":"search_term_string"}}],"inLanguage":"de"},{"@type":"Organization","@id":"https:\/\/cncma.de\/#organization","name":"CNCmade","url":"https:\/\/cncma.de\/","logo":{"@type":"ImageObject","inLanguage":"de","@id":"https:\/\/cncma.de\/#\/schema\/logo\/image\/","url":"https:\/\/cncma.de\/wp-content\/uploads\/2024\/02\/Logo_Simple_wide_350.png","contentUrl":"https:\/\/cncma.de\/wp-content\/uploads\/2024\/02\/Logo_Simple_wide_350.png","width":350,"height":83,"caption":"CNCmade"},"image":{"@id":"https:\/\/cncma.de\/#\/schema\/logo\/image\/"},"sameAs":["http:\/\/instagram.com\/cncma.de\/","https:\/\/www.youtube.com\/@cncmade"]}]}},"_links":{"self":[{"href":"https:\/\/cncma.de\/index.php\/wp-json\/wp\/v2\/pages\/1649","targetHints":{"allow":["GET"]}}],"collection":[{"href":"https:\/\/cncma.de\/index.php\/wp-json\/wp\/v2\/pages"}],"about":[{"href":"https:\/\/cncma.de\/index.php\/wp-json\/wp\/v2\/types\/page"}],"author":[{"embeddable":true,"href":"https:\/\/cncma.de\/index.php\/wp-json\/wp\/v2\/users\/1"}],"replies":[{"embeddable":true,"href":"https:\/\/cncma.de\/index.php\/wp-json\/wp\/v2\/comments?post=1649"}],"version-history":[{"count":4,"href":"https:\/\/cncma.de\/index.php\/wp-json\/wp\/v2\/pages\/1649\/revisions"}],"predecessor-version":[{"id":2114,"href":"https:\/\/cncma.de\/index.php\/wp-json\/wp\/v2\/pages\/1649\/revisions\/2114"}],"wp:attachment":[{"href":"https:\/\/cncma.de\/index.php\/wp-json\/wp\/v2\/media?parent=1649"}],"curies":[{"name":"wp","href":"https:\/\/api.w.org\/{rel}","templated":true}]}}